{"id":764,"date":"2019-05-20T11:01:19","date_gmt":"2019-05-20T11:01:19","guid":{"rendered":"http:\/\/www.cmescale.com\/aviso-legal\/"},"modified":"2019-05-20T11:13:01","modified_gmt":"2019-05-20T11:13:01","slug":"aviso-legal","status":"publish","type":"page","link":"https:\/\/www.cmescale.com\/en\/aviso-legal\/","title":{"rendered":"Aviso Legal"},"content":{"rendered":"<h3><strong><u>AVISO LEGAL Y CONDICIONES DE USO<\/u><\/strong><\/h3>\n<p>En cumplimiento de la Ley 34\/2002, de 11 de julio, de Servicios de la Sociedad de la Informaci\u00f3n y del Comercio Electr\u00f3nico, se informa que el titular de esta web es CONSTRUCCIONS MEC\u00c0NIQUES ESCAL\u00c9, SL con NIF B-58140575 y con domicilio en Pol\u00edgon Ind. Santa Mariac\/Narc\u00eds Monturiol 08271 ART\u00c9S (Barcelona) siendo su actividad social el dise\u00f1o y fabricaci\u00f3n de piezas para veh\u00edculos Industriales.<\/p>\n<p>En este espacio encontrar\u00e1s toda la informaci\u00f3n relativa a los t\u00e9rminos y condiciones legales que definen las relaciones entre los usuarios y nuestra empresa como como responsable de esta web.<\/p>\n<p>Como usuario, es importante que conozcas estos t\u00e9rminos antes de continuar navegando por la misma.<\/p>\n<p><strong>Finalidad de la web<\/strong><\/p>\n<p>El objeto de esta web es ofrecer un espacio donde conocer nuestra empresa y los tipos de productos que fabricamos.<\/p>\n<p><strong>Uso de la web<\/strong><\/p>\n<p>Al acceder a la web adquieres la condici\u00f3n de USUARIO, aceptando las presentes condiciones de uso. No obstante, por el mero uso de la web no significa el inicio de una relaci\u00f3n laboral\/comercial entre nosotros.<\/p>\n<p>Como usuario te comprometes a hacer un uso adecuado de los contenidos que se ofrecen a trav\u00e9s de esta web, por lo que te comprometes, entre otros, a no emplearlos para:<\/p>\n<ul>\n<li>Incurrir en actividades il\u00edcitas, ilegales o contrarias a la buena fe y al orden p\u00fablico.<\/li>\n<li>Difundir contenidos o propaganda de car\u00e1cter racista, xen\u00f3fobo, pornogr\u00e1fico, de apolog\u00eda del terrorismo o atentado contra los derechos humanos.<\/li>\n<li>Provocar da\u00f1os en los sistemas f\u00edsicos y l\u00f3gicos de CONSTRUCCIONS MEC\u00c0NIQUES ESCAL\u00c9, SL de sus proveedores o de terceras personas, introducir o difundir en la red virus inform\u00e1ticos o cualquiera otros sistemas f\u00edsicos o l\u00f3gicos que sean susceptibles de provocar los da\u00f1os anteriormente mencionados.<\/li>\n<li>Intentar acceder y, en su caso, utilizar las cuentas de correo electr\u00f3nico de otros usuarios y modificar o manipular sus mensajes.<\/li>\n<\/ul>\n<p>Me reservo el derecho de retirar todos aquellos comentarios y aportaciones que vulneren el respeto a la dignidad de la persona, que sean discriminatorios, xen\u00f3fobos, racistas, pornogr\u00e1ficos, que atenten contra la juventud o la infancia, el orden o la seguridad p\u00fablica o que, a su juicio, no resultaran adecuados para su publicaci\u00f3n.<\/p>\n<p>No ser\u00e9 responsable de las opiniones vertidas por los usuarios a trav\u00e9s del blog u otras herramientas de participaci\u00f3n que puedan crearse, conforme a lo previsto en la normativa de aplicaci\u00f3n.<\/p>\n<p>&nbsp;<\/p>\n<p><strong>Pol\u00edtica de enlaces<\/strong><\/p>\n<p>Esta web puede enlazar a contenidos de otros blogs que considere de inter\u00e9s para el tema tratado.<\/p>\n<p>Siempre se enlaza con sitios de confianza y que sean respetuosos con tus derechos como usuario. No obstante, no se puede responder de los resultados que puedas obtener con motivo del acceso a tales sitios enlazados.<\/p>\n<p>Tambi\u00e9n puede incluirse enlaces de afiliados de productos recomendados, que no supondr\u00e1n un incremento de su coste.<\/p>\n<p>&nbsp;<\/p>\n<p><strong>Protecci\u00f3n de datos<\/strong><\/p>\n<p>De conformidad con la Ley Org\u00e1nica 3\/2018, de 5 de diciembre, de Protecci\u00f3n de Datos Personales y garant\u00eda de los derechos digitales y el Reglamento (UE) 2016\/679 del Parlamento Europeo, el Prestador se compromete a adoptar las medidas t\u00e9cnicas y organizativas necesarias, seg\u00fan el nivel de seguridad de los datos recabados, de forma que garanticen la seguridad de los datos de car\u00e1cter personal y eviten su alteraci\u00f3n, p\u00e9rdida, tratamiento o acceso no autorizado.<\/p>\n<p>Para ampliar informaci\u00f3n, consulte la pol\u00edtica de privacidad de esta web.<\/p>\n<p><strong>\u00a0<\/strong><\/p>\n<p><strong>Propiedad intelectual<\/strong><\/p>\n<p>Soy titular de todos los derechos de propiedad intelectual de la web, as\u00ed como de los elementos contenidos en la misma ; a t\u00edtulo enunciativo, im\u00e1genes, sonido, audio, v\u00eddeo, software o textos, marcas o logotipos, combinaciones de colores, estructura y dise\u00f1o, selecci\u00f3n de materiales usados, programas de ordenador necesarios para su funcionamiento, acceso y uso, etc.<\/p>\n<p>Cualquier uso no autorizado previamente por m\u00ed, ser\u00e1 considerado un incumplimiento grave de los derechos de propiedad intelectual o industrial del autor.<\/p>\n<p>Para realizar cualquier tipo de observaci\u00f3n respecto a posibles incumplimientos de los derechos de propiedad intelectual o industrial, as\u00ed como sobre cualquiera de los contenidos del sitio web, puede hacerlo a trav\u00e9s del siguiente correo electr\u00f3nico: compres@cmescale.com<\/p>\n<p>&nbsp;<\/p>\n<p><strong>Exclusi\u00f3n de garant\u00edas y responsabilidad<\/strong><\/p>\n<p>No garantizo la continuidad, disponibilidad y utilidad de la web, ni de los Contenidos o Servicios. Har\u00e9 todo lo posible por el buen funcionamiento de la misma, sin embargo, no me responsabilizo ni garantizo que el acceso a esta web no vaya a ser ininterrumpido o que est\u00e9 libre de error.<\/p>\n<p>&nbsp;<\/p>\n<p><strong>Duraci\u00f3n y modificaci\u00f3n<\/strong><\/p>\n<p>Este aviso legal podr\u00e1 ser modificado en cualquier momento, atendiendo a la evoluci\u00f3n de esta web y los contenidos en ella ofrecidos.<\/p>\n<p>Igualmente en la web se puede cambiar, suprimir o a\u00f1adir tanto los contenidos y servicios que se presten a trav\u00e9s de la misma como la forma en la que \u00e9stos aparezcan presentados o localizadas en la web.<\/p>\n<p>&nbsp;<\/p>\n<p><strong>Legislaci\u00f3n aplicable y Jurisdicci\u00f3n<\/strong><\/p>\n<p>Para la resoluci\u00f3n de todas las controversias o cuestiones relacionadas con el presente sitio web o de las actividades en \u00e9l desarrolladas, ser\u00e1 de aplicaci\u00f3n la legislaci\u00f3n espa\u00f1ola, a la que se someten expresamente las partes, siendo competentes para la resoluci\u00f3n de todos los conflictos derivados o relacionados con su uso los Juzgados y Tribunales de Barcelona.<\/p>\n<p><em>\u00daltima revisi\u00f3n el 20\/05\/2019<\/em><\/p>\n","protected":false},"excerpt":{"rendered":"<p>AVISO LEGAL Y CONDICIONES DE USO En cumplimiento de la Ley 34\/2002, de 11 de julio, de Servicios de la Sociedad de la Informaci\u00f3n y del Comercio Electr\u00f3nico, se informa que el titular de esta web es CONSTRUCCIONS MEC\u00c0NIQUES ESCAL\u00c9, SL con NIF B-58140575 y con domicilio en Pol\u00edgon Ind. Santa Mariac\/Narc\u00eds Monturiol 08271 ART\u00c9S [&hellip;]<\/p>\n","protected":false},"author":2,"featured_media":0,"parent":0,"menu_order":0,"comment_status":"closed","ping_status":"closed","template":"","meta":[],"_links":{"self":[{"href":"https:\/\/www.cmescale.com\/en\/wp-json\/wp\/v2\/pages\/764"}],"collection":[{"href":"https:\/\/www.cmescale.com\/en\/wp-json\/wp\/v2\/pages"}],"about":[{"href":"https:\/\/www.cmescale.com\/en\/wp-json\/wp\/v2\/types\/page"}],"author":[{"embeddable":true,"href":"https:\/\/www.cmescale.com\/en\/wp-json\/wp\/v2\/users\/2"}],"replies":[{"embeddable":true,"href":"https:\/\/www.cmescale.com\/en\/wp-json\/wp\/v2\/comments?post=764"}],"version-history":[{"count":1,"href":"https:\/\/www.cmescale.com\/en\/wp-json\/wp\/v2\/pages\/764\/revisions"}],"predecessor-version":[{"id":766,"href":"https:\/\/www.cmescale.com\/en\/wp-json\/wp\/v2\/pages\/764\/revisions\/766"}],"wp:attachment":[{"href":"https:\/\/www.cmescale.com\/en\/wp-json\/wp\/v2\/media?parent=764"}],"curies":[{"name":"wp","href":"https:\/\/api.w.org\/{rel}","templated":true}]}}