{"id":662,"date":"2018-07-12T15:54:05","date_gmt":"2018-07-12T15:54:05","guid":{"rendered":"http:\/\/www.cmescale.com\/empresa\/"},"modified":"2023-04-04T14:46:56","modified_gmt":"2023-04-04T14:46:56","slug":"entreprise","status":"publish","type":"page","link":"https:\/\/www.cmescale.com\/fr\/entreprise\/","title":{"rendered":"L&rsquo;Entreprise"},"content":{"rendered":"\n<style type=\"text\/css\" data-created_by=\"avia_inline_auto\" id=\"style-css-av-jjiubnq1-2a8f76789853714490ec6ce1b53a657d\">\n.avia-section.av-jjiubnq1-2a8f76789853714490ec6ce1b53a657d{\nbackground-color:#0a0a0a;\nbackground-image:unset;\n}\n<\/style>\n<div id='av_section_1'  class='avia-section av-jjiubnq1-2a8f76789853714490ec6ce1b53a657d main_color avia-section-default avia-no-shadow  avia-builder-el-0  el_before_av_slideshow_full  avia-builder-el-first  avia-bg-style-scroll av-minimum-height av-minimum-height-25  container_wrap fullsize'   data-av_minimum_height_pc='25'><div class='container av-section-cont-open' ><main  role=\"main\" itemprop=\"mainContentOfPage\"  class='template-page content  av-content-full alpha units'><div class='post-entry post-entry-type-page post-entry-662'><div class='entry-content-wrapper clearfix'>\n\n<style type=\"text\/css\" data-created_by=\"avia_inline_auto\" id=\"style-css-av-nc8yu-baddcbfc19b9be2810202041054ff85b\">\n.flex_column.av-nc8yu-baddcbfc19b9be2810202041054ff85b{\n-webkit-border-radius:0px 0px 0px 0px;\n-moz-border-radius:0px 0px 0px 0px;\nborder-radius:0px 0px 0px 0px;\n}\n<\/style>\n<div class='flex_column av-nc8yu-baddcbfc19b9be2810202041054ff85b av_three_fifth  avia-builder-el-1  el_before_av_two_fifth  avia-builder-el-first  first flex_column_div av-zero-column-padding '     ><style type=\"text\/css\" data-created_by=\"avia_inline_auto\" id=\"style-css-av-guim6-d02f9f591492bc2bc2f15c89aa5d80eb\">\n#top .av-special-heading.av-guim6-d02f9f591492bc2bc2f15c89aa5d80eb{\npadding-bottom:10px;\ncolor:#ffffff;\nfont-size:50px;\n}\nbody .av-special-heading.av-guim6-d02f9f591492bc2bc2f15c89aa5d80eb .av-special-heading-tag .heading-char{\nfont-size:25px;\n}\n#top #wrap_all .av-special-heading.av-guim6-d02f9f591492bc2bc2f15c89aa5d80eb .av-special-heading-tag{\nfont-size:50px;\n}\n.av-special-heading.av-guim6-d02f9f591492bc2bc2f15c89aa5d80eb .special-heading-inner-border{\nborder-color:#ffffff;\n}\n.av-special-heading.av-guim6-d02f9f591492bc2bc2f15c89aa5d80eb .av-subheading{\nfont-size:30px;\n}\n\n@media only screen and (min-width: 480px) and (max-width: 767px){ \n#top #wrap_all .av-special-heading.av-guim6-d02f9f591492bc2bc2f15c89aa5d80eb .av-special-heading-tag{\nfont-size:0.8em;\n}\n}\n\n@media only screen and (max-width: 479px){ \n#top #wrap_all .av-special-heading.av-guim6-d02f9f591492bc2bc2f15c89aa5d80eb .av-special-heading-tag{\nfont-size:0.8em;\n}\n}\n<\/style>\n<div  class='av-special-heading av-guim6-d02f9f591492bc2bc2f15c89aa5d80eb av-special-heading-h3 custom-color-heading blockquote modern-quote  avia-builder-el-2  avia-builder-el-no-sibling  av-inherit-size'><h3 class='av-special-heading-tag'  itemprop=\"headline\"  >L\u2019entreprise<\/h3><div class='av_custom_color av-subheading av-subheading_below'><p>Experience et capacit\u00e9<\/p>\n<\/div><div class=\"special-heading-border\"><div class=\"special-heading-inner-border\"><\/div><\/div><\/div><\/div>\n<style type=\"text\/css\" data-created_by=\"avia_inline_auto\" id=\"style-css-av-b7evy-abe31d0191488591d94c565b21352a5d\">\n.flex_column.av-b7evy-abe31d0191488591d94c565b21352a5d{\n-webkit-border-radius:0px 0px 0px 0px;\n-moz-border-radius:0px 0px 0px 0px;\nborder-radius:0px 0px 0px 0px;\n}\n<\/style>\n<div class='flex_column av-b7evy-abe31d0191488591d94c565b21352a5d av_two_fifth  avia-builder-el-3  el_after_av_three_fifth  avia-builder-el-last  flex_column_div av-zero-column-padding '     ><style type=\"text\/css\" data-created_by=\"avia_inline_auto\" id=\"style-css-av-jwvywdf0-daee54f898f01373d60a966db9c6459b\">\n#top .av-special-heading.av-jwvywdf0-daee54f898f01373d60a966db9c6459b{\npadding-bottom:10px;\ncolor:#ffffff;\nfont-size:30px;\n}\nbody .av-special-heading.av-jwvywdf0-daee54f898f01373d60a966db9c6459b .av-special-heading-tag .heading-char{\nfont-size:25px;\n}\n#top #wrap_all .av-special-heading.av-jwvywdf0-daee54f898f01373d60a966db9c6459b .av-special-heading-tag{\nfont-size:30px;\n}\n.av-special-heading.av-jwvywdf0-daee54f898f01373d60a966db9c6459b .special-heading-inner-border{\nborder-color:#ffffff;\n}\n.av-special-heading.av-jwvywdf0-daee54f898f01373d60a966db9c6459b .av-subheading{\nfont-size:30px;\n}\n\n@media only screen and (min-width: 480px) and (max-width: 767px){ \n#top #wrap_all .av-special-heading.av-jwvywdf0-daee54f898f01373d60a966db9c6459b .av-special-heading-tag{\nfont-size:0.8em;\n}\n}\n\n@media only screen and (max-width: 479px){ \n#top #wrap_all .av-special-heading.av-jwvywdf0-daee54f898f01373d60a966db9c6459b .av-special-heading-tag{\nfont-size:0.8em;\n}\n}\n<\/style>\n<div  class='av-special-heading av-jwvywdf0-daee54f898f01373d60a966db9c6459b av-special-heading-h3 custom-color-heading blockquote modern-quote  avia-builder-el-4  avia-builder-el-no-sibling  av-inherit-size'><h3 class='av-special-heading-tag'  itemprop=\"headline\"  >leaders dans la fabrication de pi\u00e8ces pour v\u00e9hicules de travaux publics<\/h3><div class=\"special-heading-border\"><div class=\"special-heading-inner-border\"><\/div><\/div><\/div><\/div>\n\n<\/div><\/div><\/main><!-- close content main element --><\/div><\/div><div id='full_slider_1'  class='avia-fullwidth-slider main_color avia-shadow   avia-builder-el-5  el_after_av_section  el_before_av_one_third   slider-not-first container_wrap fullsize'  ><div  class='avia-slideshow av-jjiqe3sx-d01b201fb940082505391fef0ca85be2 avia-slideshow-featured av_slideshow_full avia-slide-slider av-slideshow-ui av-control-default av-slideshow-manual av-loop-once av-loop-manual-endless av-default-height-applied   avia-slideshow-1' data-slideshow-options=\"{&quot;animation&quot;:&quot;slide&quot;,&quot;autoplay&quot;:false,&quot;loop_autoplay&quot;:&quot;once&quot;,&quot;interval&quot;:5,&quot;loop_manual&quot;:&quot;manual-endless&quot;,&quot;autoplay_stopper&quot;:false,&quot;noNavigation&quot;:false,&quot;bg_slider&quot;:false,&quot;keep_padding&quot;:false,&quot;hoverpause&quot;:false,&quot;show_slide_delay&quot;:0}\"  itemprop=\"image\" itemscope=\"itemscope\" itemtype=\"https:\/\/schema.org\/ImageObject\" ><ul class='avia-slideshow-inner ' style='padding-bottom: 28.666666666667%;'><li  class='avia-slideshow-slide av-jjiqe3sx-d01b201fb940082505391fef0ca85be2__0  av-single-slide slide-1 slide-odd'><div data-rel='slideshow-1' class='avia-slide-wrap '   ><img class=\"wp-image-633 avia-img-lazy-loading-not-633\"  src=\"https:\/\/www.cmescale.com\/wp-content\/uploads\/Fabriaca-CM-Escale-ok-1500x430.jpg\" width=\"1500\" height=\"430\" title='Fabriaca-CM-Escale-ok' alt=''  itemprop=\"thumbnailUrl\"   \/><\/div><\/li><\/ul><\/div><\/div><div id='after_full_slider_1'  class='main_color av_default_container_wrap container_wrap fullsize'  ><div class='container av-section-cont-open' ><div class='template-page content  av-content-full alpha units'><div class='post-entry post-entry-type-page post-entry-662'><div class='entry-content-wrapper clearfix'>\n\n<style type=\"text\/css\" data-created_by=\"avia_inline_auto\" id=\"style-css-av-755g-c905b71437d71f95f8458026ba75cacb\">\n.flex_column.av-755g-c905b71437d71f95f8458026ba75cacb{\n-webkit-border-radius:0px 0px 0px 0px;\n-moz-border-radius:0px 0px 0px 0px;\nborder-radius:0px 0px 0px 0px;\n}\n<\/style>\n<div class='flex_column av-755g-c905b71437d71f95f8458026ba75cacb av_one_third  avia-builder-el-6  el_after_av_slideshow_full  el_before_av_two_third  avia-builder-el-first  first flex_column_div av-zero-column-padding '     ><p>\n<style type=\"text\/css\" data-created_by=\"avia_inline_auto\" id=\"style-css-av-jjiqejpq-a03fd85b235b31d275c1f59571aa3ee0\">\n.avia-image-container.av-jjiqejpq-a03fd85b235b31d275c1f59571aa3ee0 img.avia_image{\nbox-shadow:none;\n}\n.avia-image-container.av-jjiqejpq-a03fd85b235b31d275c1f59571aa3ee0 .av-image-caption-overlay-center{\ncolor:#ffffff;\n}\n<\/style>\n<div  class='avia-image-container av-jjiqejpq-a03fd85b235b31d275c1f59571aa3ee0 av-styling- avia-align-center  avia-builder-el-7  el_before_av_hr  avia-builder-el-first '   itemprop=\"image\" itemscope=\"itemscope\" itemtype=\"https:\/\/schema.org\/ImageObject\" ><div class=\"avia-image-container-inner\"><div class=\"avia-image-overlay-wrap\"><img class='wp-image-485 avia-img-lazy-loading-not-485 avia_image ' src=\"https:\/\/www.cmescale.com\/wp-content\/uploads\/Logo-CMESCALE.jpg\" alt='' title='Logo-CMESCALE'  height=\"110\" width=\"350\"  itemprop=\"thumbnailUrl\" srcset=\"https:\/\/www.cmescale.com\/wp-content\/uploads\/Logo-CMESCALE.jpg 350w, https:\/\/www.cmescale.com\/wp-content\/uploads\/Logo-CMESCALE-300x94.jpg 300w\" sizes=\"(max-width: 350px) 100vw, 350px\" \/><\/div><\/div><\/div><br \/>\n\n<style type=\"text\/css\" data-created_by=\"avia_inline_auto\" id=\"style-css-av-jri4a2fy-39ffb5a492e782eb72d43f0d9bea4618\">\n#top .hr.hr-invisible.av-jri4a2fy-39ffb5a492e782eb72d43f0d9bea4618{\nheight:50px;\n}\n<\/style>\n<div  class='hr av-jri4a2fy-39ffb5a492e782eb72d43f0d9bea4618 hr-invisible  avia-builder-el-8  el_after_av_image  el_before_av_image '><span class='hr-inner '><span class=\"hr-inner-style\"><\/span><\/span><\/div><br \/>\n\n<style type=\"text\/css\" data-created_by=\"avia_inline_auto\" id=\"style-css-av-jjiqejpq-ae9b807619751f30d9cb4ae9559d19af\">\n.avia-image-container.av-jjiqejpq-ae9b807619751f30d9cb4ae9559d19af img.avia_image{\nbox-shadow:none;\n}\n.avia-image-container.av-jjiqejpq-ae9b807619751f30d9cb4ae9559d19af .av-image-caption-overlay-center{\ncolor:#ffffff;\n}\n<\/style>\n<div  class='avia-image-container av-jjiqejpq-ae9b807619751f30d9cb4ae9559d19af av-styling- avia-align-center  avia-builder-el-9  el_after_av_hr  avia-builder-el-last '   itemprop=\"image\" itemscope=\"itemscope\" itemtype=\"https:\/\/schema.org\/ImageObject\" ><div class=\"avia-image-container-inner\"><div class=\"avia-image-overlay-wrap\"><img class='wp-image-631 avia-img-lazy-loading-not-631 avia_image ' src=\"https:\/\/www.cmescale.com\/wp-content\/uploads\/CM-ESCALE-logos-certificats.jpg\" alt='' title='CM-ESCALE-logos-certificats'  height=\"267\" width=\"500\"  itemprop=\"thumbnailUrl\" srcset=\"https:\/\/www.cmescale.com\/wp-content\/uploads\/CM-ESCALE-logos-certificats.jpg 500w, https:\/\/www.cmescale.com\/wp-content\/uploads\/CM-ESCALE-logos-certificats-300x160.jpg 300w, https:\/\/www.cmescale.com\/wp-content\/uploads\/CM-ESCALE-logos-certificats-450x240.jpg 450w\" sizes=\"(max-width: 500px) 100vw, 500px\" \/><\/div><\/div><\/div><\/p><\/div>\n\n<style type=\"text\/css\" data-created_by=\"avia_inline_auto\" id=\"style-css-av-1p5zc-b364bdbb1a2656dfccd22f9be37f3f7b\">\n.flex_column.av-1p5zc-b364bdbb1a2656dfccd22f9be37f3f7b{\n-webkit-border-radius:0px 0px 0px 0px;\n-moz-border-radius:0px 0px 0px 0px;\nborder-radius:0px 0px 0px 0px;\n}\n<\/style>\n<div class='flex_column av-1p5zc-b364bdbb1a2656dfccd22f9be37f3f7b av_two_third  avia-builder-el-10  el_after_av_one_third  el_before_av_one_third  flex_column_div av-zero-column-padding '     ><section  class='av_textblock_section av-jjiqh0kq-15d10837454e91cde377244199aea598'  itemscope=\"itemscope\" itemtype=\"https:\/\/schema.org\/CreativeWork\" ><div class='avia_textblock'  itemprop=\"text\" ><p>Est <strong>une soci\u00e9t\u00e9 de troisi\u00e8me g\u00e9n\u00e9ration fond\u00e9e en 1941 par MR Joan Escal\u00e9<\/strong> Carbonell, caract\u00e9ris\u00e9 par la stabilit\u00e9, la croissance et l&rsquo;\u00e9volution continue. Cette s\u00e9curit\u00e9 est le r\u00e9sultat de valeurs techniques et humaines, la source principale de notre soci\u00e9t\u00e9. qualit\u00e9, pr\u00e9cision, solutions personnalis\u00e9es et excellent service, adaptation aux derni\u00e8res technologies pour optimiser les ressources.<\/p>\n<p>Au d\u00e9but, l\u2019objectif \u00e9tait la fabrication et l\u2019entretien de machines textiles.<br \/>\nEt au cours de notre hostoire, nous sommes adapt\u00e9s aux besoin et aux exigences de nos clients.<br \/>\n\u00c9largissant ainsi notre gamme de services dans tout le secteur m\u00e9tallurgique entre autres choses: pyl\u00f4nes, kits pour godets, arcs de potection, tombereaux, chariots \u00e9l\u00e9vateurs, coffres-forts, machines d\u2019exploitation mini\u00e8re, bennes, r\u00e9servoires de carburant et hydrahuliques, ch\u00e0ssis,, et tout sorte de pi\u00e8ces et accessoires pour v\u00e9hicules de la constructions, nettoyages industriel, services urbains, Machines agricoles, et d\u2019autres.<\/p>\n<p>En tant que soci\u00e9t\u00e9 sp\u00e9cialis\u00e9e dans le soudage, nous utilisons des machines \u00e0 la pointe de la technologie pour les diff\u00e9rents types de soudage: arc puls\u00e9, Mig-Mag, Tic, entre autres, pouvant effectuer des travaux sur diff\u00e9rents types de m\u00e9taux.<\/p>\n<p><strong>Avec la certification ISO 9001-2015<\/strong>, actuellement, nous sommes le principal fourniseur des entreprises leaders dans la fabrication de v\u00e9hicules multiservices en Espagne, certains comme: AUSA, PIQUERSA.<\/p>\n<\/div><\/section><\/div>\n\n<style type=\"text\/css\" data-created_by=\"avia_inline_auto\" id=\"style-css-av-755g-c905b71437d71f95f8458026ba75cacb\">\n.flex_column.av-755g-c905b71437d71f95f8458026ba75cacb{\n-webkit-border-radius:0px 0px 0px 0px;\n-moz-border-radius:0px 0px 0px 0px;\nborder-radius:0px 0px 0px 0px;\n}\n<\/style>\n<div class='flex_column av-755g-c905b71437d71f95f8458026ba75cacb av_one_third  avia-builder-el-12  el_after_av_two_third  el_before_av_one_third  first flex_column_div av-zero-column-padding column-top-margin'     ><div  class='avia-button-wrap av-juaxriyw-e531e32ae209e2c8c595ae6be58483d6-wrap avia-button-center  avia-builder-el-13  avia-builder-el-no-sibling ' ><a href='https:\/\/www.cmescale.com\/wp-content\/uploads\/POLITICA-DE-CALIDAD-2023.pdf' class='avia-button av-juaxriyw-e531e32ae209e2c8c595ae6be58483d6 avia-icon_select-no avia-size-large avia-position-center avia-color-theme-color' target=\"_blank\" rel=\"noopener noreferrer\"><span class='avia_iconbox_title' >POLITIQUE DE QUALIT\u00c9<\/span><\/a><\/div><\/div>\n<style type=\"text\/css\" data-created_by=\"avia_inline_auto\" id=\"style-css-av-755g-97ac4b400d5de4c9bb9c2005cb00b6ec\">\n.flex_column.av-755g-97ac4b400d5de4c9bb9c2005cb00b6ec{\n-webkit-border-radius:0px 0px 0px 0px;\n-moz-border-radius:0px 0px 0px 0px;\nborder-radius:0px 0px 0px 0px;\n}\n<\/style>\n<div class='flex_column av-755g-97ac4b400d5de4c9bb9c2005cb00b6ec av_one_third  avia-builder-el-14  el_after_av_one_third  el_before_av_one_third  flex_column_div av-zero-column-padding column-top-margin'     ><style type=\"text\/css\" data-created_by=\"avia_inline_auto\" id=\"style-css-av-jpk04lxf-c38926316aa570a56c61b6d585a22d75\">\n.avia-image-container.av-jpk04lxf-c38926316aa570a56c61b6d585a22d75 img.avia_image{\nbox-shadow:none;\n}\n.avia-image-container.av-jpk04lxf-c38926316aa570a56c61b6d585a22d75 .av-image-caption-overlay-center{\ncolor:#ffffff;\n}\n<\/style>\n<div  class='avia-image-container av-jpk04lxf-c38926316aa570a56c61b6d585a22d75 av-styling- avia-align-center  avia-builder-el-15  avia-builder-el-no-sibling '   itemprop=\"image\" itemscope=\"itemscope\" itemtype=\"https:\/\/schema.org\/ImageObject\" ><div class=\"avia-image-container-inner\"><div class=\"avia-image-overlay-wrap\"><img class='wp-image-569 avia-img-lazy-loading-not-569 avia_image ' src=\"https:\/\/www.cmescale.com\/wp-content\/uploads\/CM-escale-historia2.jpg\" alt='' title='CM escale historia2'  height=\"641\" width=\"900\"  itemprop=\"thumbnailUrl\" srcset=\"https:\/\/www.cmescale.com\/wp-content\/uploads\/CM-escale-historia2.jpg 900w, https:\/\/www.cmescale.com\/wp-content\/uploads\/CM-escale-historia2-300x214.jpg 300w, https:\/\/www.cmescale.com\/wp-content\/uploads\/CM-escale-historia2-768x547.jpg 768w, https:\/\/www.cmescale.com\/wp-content\/uploads\/CM-escale-historia2-260x185.jpg 260w, https:\/\/www.cmescale.com\/wp-content\/uploads\/CM-escale-historia2-705x502.jpg 705w, https:\/\/www.cmescale.com\/wp-content\/uploads\/CM-escale-historia2-450x321.jpg 450w\" sizes=\"(max-width: 900px) 100vw, 900px\" \/><\/div><\/div><\/div><\/div><\/p>\n\n<style type=\"text\/css\" data-created_by=\"avia_inline_auto\" id=\"style-css-av-755g-97ac4b400d5de4c9bb9c2005cb00b6ec\">\n.flex_column.av-755g-97ac4b400d5de4c9bb9c2005cb00b6ec{\n-webkit-border-radius:0px 0px 0px 0px;\n-moz-border-radius:0px 0px 0px 0px;\nborder-radius:0px 0px 0px 0px;\n}\n<\/style>\n<div class='flex_column av-755g-97ac4b400d5de4c9bb9c2005cb00b6ec av_one_third  avia-builder-el-16  el_after_av_one_third  avia-builder-el-last  flex_column_div av-zero-column-padding column-top-margin'     ><style type=\"text\/css\" data-created_by=\"avia_inline_auto\" id=\"style-css-av-jpk04lxf-01e36707ce66395886cedfd270627f2c\">\n.avia-image-container.av-jpk04lxf-01e36707ce66395886cedfd270627f2c img.avia_image{\nbox-shadow:none;\n}\n.avia-image-container.av-jpk04lxf-01e36707ce66395886cedfd270627f2c .av-image-caption-overlay-center{\ncolor:#ffffff;\n}\n<\/style>\n<div  class='avia-image-container av-jpk04lxf-01e36707ce66395886cedfd270627f2c av-styling- avia-align-center  avia-builder-el-17  avia-builder-el-no-sibling '   itemprop=\"image\" itemscope=\"itemscope\" itemtype=\"https:\/\/schema.org\/ImageObject\" ><div class=\"avia-image-container-inner\"><div class=\"avia-image-overlay-wrap\"><img class='wp-image-567 avia-img-lazy-loading-not-567 avia_image ' src=\"https:\/\/www.cmescale.com\/wp-content\/uploads\/CM-escale-historia1.jpg\" alt='' title='CM escale historia1'  height=\"641\" width=\"900\"  itemprop=\"thumbnailUrl\" srcset=\"https:\/\/www.cmescale.com\/wp-content\/uploads\/CM-escale-historia1.jpg 900w, https:\/\/www.cmescale.com\/wp-content\/uploads\/CM-escale-historia1-300x214.jpg 300w, https:\/\/www.cmescale.com\/wp-content\/uploads\/CM-escale-historia1-768x547.jpg 768w, https:\/\/www.cmescale.com\/wp-content\/uploads\/CM-escale-historia1-260x185.jpg 260w, https:\/\/www.cmescale.com\/wp-content\/uploads\/CM-escale-historia1-705x502.jpg 705w, https:\/\/www.cmescale.com\/wp-content\/uploads\/CM-escale-historia1-450x321.jpg 450w\" sizes=\"(max-width: 900px) 100vw, 900px\" \/><\/div><\/div><\/div><\/div>\n","protected":false},"excerpt":{"rendered":"","protected":false},"author":2,"featured_media":0,"parent":0,"menu_order":0,"comment_status":"closed","ping_status":"closed","template":"","meta":[],"_links":{"self":[{"href":"https:\/\/www.cmescale.com\/fr\/wp-json\/wp\/v2\/pages\/662"}],"collection":[{"href":"https:\/\/www.cmescale.com\/fr\/wp-json\/wp\/v2\/pages"}],"about":[{"href":"https:\/\/www.cmescale.com\/fr\/wp-json\/wp\/v2\/types\/page"}],"author":[{"embeddable":true,"href":"https:\/\/www.cmescale.com\/fr\/wp-json\/wp\/v2\/users\/2"}],"replies":[{"embeddable":true,"href":"https:\/\/www.cmescale.com\/fr\/wp-json\/wp\/v2\/comments?post=662"}],"version-history":[{"count":10,"href":"https:\/\/www.cmescale.com\/fr\/wp-json\/wp\/v2\/pages\/662\/revisions"}],"predecessor-version":[{"id":923,"href":"https:\/\/www.cmescale.com\/fr\/wp-json\/wp\/v2\/pages\/662\/revisions\/923"}],"wp:attachment":[{"href":"https:\/\/www.cmescale.com\/fr\/wp-json\/wp\/v2\/media?parent=662"}],"curies":[{"name":"wp","href":"https:\/\/api.w.org\/{rel}","templated":true}]}}