{"id":669,"date":"2018-07-12T16:02:37","date_gmt":"2018-07-12T16:02:37","guid":{"rendered":"http:\/\/www.cmescale.com\/nuestro-objetivo\/"},"modified":"2019-05-14T15:28:05","modified_gmt":"2019-05-14T15:28:05","slug":"notre-savoir-faire","status":"publish","type":"page","link":"https:\/\/www.cmescale.com\/fr\/notre-savoir-faire\/","title":{"rendered":"Notre savoir-faire"},"content":{"rendered":"\n<style type=\"text\/css\" data-created_by=\"avia_inline_auto\" id=\"style-css-av-jjiubnq1-2a8f76789853714490ec6ce1b53a657d\">\n.avia-section.av-jjiubnq1-2a8f76789853714490ec6ce1b53a657d{\nbackground-color:#0a0a0a;\nbackground-image:unset;\n}\n<\/style>\n<div id='av_section_1'  class='avia-section av-jjiubnq1-2a8f76789853714490ec6ce1b53a657d main_color avia-section-default avia-no-shadow  avia-builder-el-0  el_before_av_three_fifth  avia-builder-el-first  avia-bg-style-scroll av-minimum-height av-minimum-height-25  container_wrap fullsize'   data-av_minimum_height_pc='25'><div class='container av-section-cont-open' ><main  role=\"main\" itemprop=\"mainContentOfPage\"  class='template-page content  av-content-full alpha units'><div class='post-entry post-entry-type-page post-entry-669'><div class='entry-content-wrapper clearfix'>\n\n<style type=\"text\/css\" data-created_by=\"avia_inline_auto\" id=\"style-css-av-jvnxxy0h-c197dc64d128887c3019c363a1b63475\">\n#top .av-special-heading.av-jvnxxy0h-c197dc64d128887c3019c363a1b63475{\npadding-bottom:10px;\ncolor:#ffffff;\nfont-size:50px;\n}\nbody .av-special-heading.av-jvnxxy0h-c197dc64d128887c3019c363a1b63475 .av-special-heading-tag .heading-char{\nfont-size:25px;\n}\n#top #wrap_all .av-special-heading.av-jvnxxy0h-c197dc64d128887c3019c363a1b63475 .av-special-heading-tag{\nfont-size:50px;\n}\n.av-special-heading.av-jvnxxy0h-c197dc64d128887c3019c363a1b63475 .special-heading-inner-border{\nborder-color:#ffffff;\n}\n.av-special-heading.av-jvnxxy0h-c197dc64d128887c3019c363a1b63475 .av-subheading{\nfont-size:18px;\n}\n\n@media only screen and (min-width: 480px) and (max-width: 767px){ \n#top #wrap_all .av-special-heading.av-jvnxxy0h-c197dc64d128887c3019c363a1b63475 .av-special-heading-tag{\nfont-size:0.8em;\n}\n}\n\n@media only screen and (max-width: 479px){ \n#top #wrap_all .av-special-heading.av-jvnxxy0h-c197dc64d128887c3019c363a1b63475 .av-special-heading-tag{\nfont-size:0.8em;\n}\n}\n<\/style>\n<div  class='av-special-heading av-jvnxxy0h-c197dc64d128887c3019c363a1b63475 av-special-heading-h3 custom-color-heading blockquote modern-quote  avia-builder-el-1  avia-builder-el-no-sibling  av-inherit-size'><h3 class='av-special-heading-tag'  itemprop=\"headline\"  >Notre savoir-faire <\/h3><div class='av_custom_color av-subheading av-subheading_below'><p>Nous concevons et fabriquons des pi\u00e8ces pour v\u00e9hicules industriels et compacts, en mettant nos connaissances et notre exp\u00e9rience au service des projets de nos clients. Gr\u00e2ce \u00e0 notre am\u00e9lioration continue, nous apportons des solutions et donnons de la viabilit\u00e9 aux projets.<\/p>\n<\/div><div class=\"special-heading-border\"><div class=\"special-heading-inner-border\"><\/div><\/div><\/div>\n<\/div><\/div><\/main><!-- close content main element --><\/div><\/div><div id='after_section_1'  class='main_color av_default_container_wrap container_wrap fullsize'  ><div class='container av-section-cont-open' ><div class='template-page content  av-content-full alpha units'><div class='post-entry post-entry-type-page post-entry-669'><div class='entry-content-wrapper clearfix'>\n<div class='flex_column_table av-755g-adbbab60c54773028e55ee97512e8ff8 sc-av_three_fifth av-equal-height-column-flextable'>\n<style type=\"text\/css\" data-created_by=\"avia_inline_auto\" id=\"style-css-av-755g-adbbab60c54773028e55ee97512e8ff8\">\n.flex_column.av-755g-adbbab60c54773028e55ee97512e8ff8{\n-webkit-border-radius:0px 0px 0px 0px;\n-moz-border-radius:0px 0px 0px 0px;\nborder-radius:0px 0px 0px 0px;\n}\n<\/style>\n<div class='flex_column av-755g-adbbab60c54773028e55ee97512e8ff8 av_three_fifth  avia-builder-el-2  el_after_av_section  el_before_av_two_fifth  avia-builder-el-first  first flex_column_table_cell av-equal-height-column av-align-middle av-zero-column-padding '     ><style type=\"text\/css\" data-created_by=\"avia_inline_auto\" id=\"style-css-av-jjiqejpq-6bcaf8bd0fd18c9db06a58992e732fce\">\n.avia-image-container.av-jjiqejpq-6bcaf8bd0fd18c9db06a58992e732fce img.avia_image{\nbox-shadow:none;\n}\n.avia-image-container.av-jjiqejpq-6bcaf8bd0fd18c9db06a58992e732fce .av-image-caption-overlay-center{\ncolor:#ffffff;\n}\n<\/style>\n<div  class='avia-image-container av-jjiqejpq-6bcaf8bd0fd18c9db06a58992e732fce av-styling- avia-align-center  avia-builder-el-3  avia-builder-el-no-sibling '   itemprop=\"image\" itemscope=\"itemscope\" itemtype=\"https:\/\/schema.org\/ImageObject\" ><div class=\"avia-image-container-inner\"><div class=\"avia-image-overlay-wrap\"><img class='wp-image-736 avia-img-lazy-loading-not-736 avia_image ' src=\"https:\/\/www.cmescale.com\/wp-content\/uploads\/objetivo-CM-Escale-FR.jpg\" alt='' title='objetivo-CM-Escale-FR'  height=\"900\" width=\"900\"  itemprop=\"thumbnailUrl\" srcset=\"https:\/\/www.cmescale.com\/wp-content\/uploads\/objetivo-CM-Escale-FR.jpg 900w, https:\/\/www.cmescale.com\/wp-content\/uploads\/objetivo-CM-Escale-FR-80x80.jpg 80w, https:\/\/www.cmescale.com\/wp-content\/uploads\/objetivo-CM-Escale-FR-300x300.jpg 300w, https:\/\/www.cmescale.com\/wp-content\/uploads\/objetivo-CM-Escale-FR-768x768.jpg 768w, https:\/\/www.cmescale.com\/wp-content\/uploads\/objetivo-CM-Escale-FR-36x36.jpg 36w, https:\/\/www.cmescale.com\/wp-content\/uploads\/objetivo-CM-Escale-FR-180x180.jpg 180w, https:\/\/www.cmescale.com\/wp-content\/uploads\/objetivo-CM-Escale-FR-705x705.jpg 705w, https:\/\/www.cmescale.com\/wp-content\/uploads\/objetivo-CM-Escale-FR-120x120.jpg 120w, https:\/\/www.cmescale.com\/wp-content\/uploads\/objetivo-CM-Escale-FR-450x450.jpg 450w\" sizes=\"(max-width: 900px) 100vw, 900px\" \/><\/div><\/div><\/div><\/div><div class='av-flex-placeholder'><\/div>\n<style type=\"text\/css\" data-created_by=\"avia_inline_auto\" id=\"style-css-av-1p5zc-b364bdbb1a2656dfccd22f9be37f3f7b\">\n.flex_column.av-1p5zc-b364bdbb1a2656dfccd22f9be37f3f7b{\n-webkit-border-radius:0px 0px 0px 0px;\n-moz-border-radius:0px 0px 0px 0px;\nborder-radius:0px 0px 0px 0px;\n}\n<\/style>\n<div class='flex_column av-1p5zc-b364bdbb1a2656dfccd22f9be37f3f7b av_two_fifth  avia-builder-el-4  el_after_av_three_fifth  avia-builder-el-last  flex_column_table_cell av-equal-height-column av-align-middle av-zero-column-padding '     ><section  class='av_textblock_section av-jjiqh0kq-15d10837454e91cde377244199aea598'  itemscope=\"itemscope\" itemtype=\"https:\/\/schema.org\/CreativeWork\" ><div class='avia_textblock'  itemprop=\"text\" ><h3><b>ING\u00c9NERIE<\/b>:<\/h3>\n<p>Notre d\u00e9partament d\u2019ing\u00e9nierie en collaboration avec nos clients, nous permet d\u00e9veloper tous leurs projets m\u00e9canques.<\/p>\n<h3>MACHINES:<\/h3>\n<p>Machines \u00e0 la pointe de la technologie pour le d\u00e9veloppement de grandes s\u00e9ries.<\/p>\n<h3>RESSOURCES HUMAINES:<\/h3>\n<p>Personnel hautement qualifi\u00e9 et form\u00e9 dans les diff\u00e9rents domaines de fabrication et finitions pour obtenir un excellent produit.<\/p>\n<h3><strong>POLYVALENCE:<\/strong><\/h3>\n<p>Pr\u00e9par\u00e9 pour de grandes productions, nous sommes en mesure de r\u00e9pondre \u00e0 tous vos besoins<\/p>\n<\/div><\/section><\/div><\/div><!--close column table wrapper. Autoclose: 1 --><\/p>\n","protected":false},"excerpt":{"rendered":"","protected":false},"author":2,"featured_media":0,"parent":0,"menu_order":0,"comment_status":"closed","ping_status":"closed","template":"","meta":[],"_links":{"self":[{"href":"https:\/\/www.cmescale.com\/fr\/wp-json\/wp\/v2\/pages\/669"}],"collection":[{"href":"https:\/\/www.cmescale.com\/fr\/wp-json\/wp\/v2\/pages"}],"about":[{"href":"https:\/\/www.cmescale.com\/fr\/wp-json\/wp\/v2\/types\/page"}],"author":[{"embeddable":true,"href":"https:\/\/www.cmescale.com\/fr\/wp-json\/wp\/v2\/users\/2"}],"replies":[{"embeddable":true,"href":"https:\/\/www.cmescale.com\/fr\/wp-json\/wp\/v2\/comments?post=669"}],"version-history":[{"count":5,"href":"https:\/\/www.cmescale.com\/fr\/wp-json\/wp\/v2\/pages\/669\/revisions"}],"predecessor-version":[{"id":735,"href":"https:\/\/www.cmescale.com\/fr\/wp-json\/wp\/v2\/pages\/669\/revisions\/735"}],"wp:attachment":[{"href":"https:\/\/www.cmescale.com\/fr\/wp-json\/wp\/v2\/media?parent=669"}],"curies":[{"name":"wp","href":"https:\/\/api.w.org\/{rel}","templated":true}]}}