{"id":772,"date":"2019-05-20T11:03:14","date_gmt":"2019-05-20T11:03:14","guid":{"rendered":"http:\/\/www.cmescale.com\/politica-de-privacidad\/"},"modified":"2019-05-20T11:13:45","modified_gmt":"2019-05-20T11:13:45","slug":"politica-de-privacidad","status":"publish","type":"page","link":"https:\/\/www.cmescale.com\/fr\/politica-de-privacidad\/","title":{"rendered":"POL\u00cdTICA DE PRIVACIDAD"},"content":{"rendered":"<h3>POL\u00cdTICA DE PRIVACIDAD<\/h3>\n<p>Esta web cumple el Reglamento (UE) 2016\/679 del Parlamento Europeo y del Consejo, de 27 de abril de 2016, relativo a la protecci\u00f3n de las personas f\u00edsicas en lo que respecta al tratamiento de datos personales y a la libre circulaci\u00f3n de estos datos y por el que se deroga la Directiva 95\/46\/CE (En adelante, RGPD) y la Ley Org\u00e1nica 3\/2018, de 5 de diciembre, de Protecci\u00f3n de datos Personales y garant\u00ed de los derechos digitales.<\/p>\n<p>En todo momento se adoptan las medidas t\u00e9cnicas y de organizaci\u00f3n necesarias para garantizar la seguridad e integridad de los datos de car\u00e1cter personal que trate, as\u00ed como para evitar su p\u00e9rdida, alteraci\u00f3n y\/o acceso por parte de terceros no autorizados.<\/p>\n<p><strong>Responsable de la web<\/strong><\/p>\n<ul>\n<li>Construccions Mec\u00e0niques Escal\u00e9, S.L.<\/li>\n<li>NIF\/CIF: B-58140575<\/li>\n<li>Pol\u00edgon Ind. Santa Maria, c\/Narc\u00eds Monturiol &#8211; 08271 ART\u00c9S (Barcelona)<\/li>\n<li>compres@cmescale.com<\/li>\n<li>Actividad social: dise\u00f1o y fabricaci\u00f3n de piezas para veh\u00edculos Industriales<\/li>\n<\/ul>\n<p>&nbsp;<\/p>\n<p><strong>C\u00f3mo se obtienen los datos y base del consentimiento<\/strong><\/p>\n<p>Como usuario, mediante la marcaci\u00f3n de la casilla, aceptas expresamente y de forma libre e inequ\u00edvoca que sus datos personales sean tratados por mi parte, CONSTRUCCIONS MEC\u00c0NIQUES ESCAL\u00c9, SL, para realizar las siguientes finalidades:<\/p>\n<ul>\n<li>Remitir el bolet\u00edn de noticias de la web.<\/li>\n<li>Tramitar encargos, solicitudes o cualquier tipo de petici\u00f3n que sea realizada por el usuario a trav\u00e9s de cualquiera de las formas de contacto que se ponen a su disposici\u00f3n en la web.<\/li>\n<li>Remisi\u00f3n de comunicaciones comerciales publicitarias por email relacionadas sobre productos o servicios que ofrezco, as\u00ed como por parte de los colaboradores o partners con los que hubiera alcanzado alg\u00fan acuerdo de promoci\u00f3n comercial entre sus clientes. En este caso, los terceros nunca tendr\u00e1n acceso a los datos personales. En todo caso las comunicaciones comerciales ser\u00e1n realizadas por mi parte a trav\u00e9s de la newsletter y ser\u00e1n productos y servicios relacionados con el sector.<\/li>\n<li>Realizar estudios estad\u00edsticos.<\/li>\n<\/ul>\n<p>La base legal para el tratamiento de sus datos es: el consentimiento.<\/p>\n<p>Los datos que se solicitan a trav\u00e9s de la web son obligatorios, ya que son necesarios para la prestaci\u00f3n de un servicio \u00f3ptimo al usuario. En caso de que no sean facilitados todos los datos, no garantizo que la informaci\u00f3n y servicios facilitados sean completamente ajustados a sus necesidades.<\/p>\n<p><strong>Encargados de tratamiento<\/strong><\/p>\n<p>Para prestar servicios estrictamente necesarios para el desarrollo de la actividad, se comparten datos con los siguientes prestadores bajo sus correspondientes condiciones de privacidad:<\/p>\n<p><strong>Google Analytics:<\/strong> un servicio anal\u00edtico de web prestado por Google, Inc., una compa\u00f1\u00eda de Delaware cuya oficina principal est\u00e1 en 1600 Amphitheatre Parkway, Mountain View (California), CA 94043, Estados Unidos (\u201cGoogle\u201d). Google Analytics utiliza \u201ccookies\u201d, que son archivos de texto ubicados en tu ordenador, para ayudar a xxxxxxx.com a analizar el uso que hacen los usuarios del sitio web. La informaci\u00f3n que genera la cookie acerca de su uso de xxxxxxxxx.com (incluyendo tu direcci\u00f3n IP) ser\u00e1 directamente transmitida y archivada por Google en los servidores de Estados Unidos.<\/p>\n<p><strong>Plataforma web:<\/strong> Automattic Inc., con domicilio en EEUU. M\u00e1s informaci\u00f3n en: https:\/\/es.wordpress.com\/ (Automattic Inc.). Automattic Inc. trata los datos con la finalidad de realizar sus servicios de plataforma web.<\/p>\n<p><strong>Ejercicio de sus derechos<\/strong><\/p>\n<p>Como usuario podr\u00e1s dirigir sus comunicaciones y ejercitar los derechos de acceso, rectificaci\u00f3n, cancelaci\u00f3n y oposici\u00f3n a trav\u00e9s de correo postal en Pol\u00edgon Ind. Santa Maria, c\/Narc\u00eds Monturiol &#8211; 08271 ART\u00c9S (Barcelona), o al correo electr\u00f3nico: compres@cmescale.com junto con prueba v\u00e1lida en derecho, como fotocopia del D.N.I. o equivalente, indicando en el asunto \u201cProtecci\u00f3n de Datos\u201d.<\/p>\n<p>Del mismo modo, podr\u00e1s darte de baja de cualquiera de los servicios de suscripci\u00f3n facilitados \u00a0haciendo clic en el apartado de darse de baja de todos los correos electr\u00f3nicos remitidos. Si recibe los citados correos electr\u00f3nicos es que ha dado su autorizaci\u00f3n previa, ya que no se realizan pr\u00e1cticas de SPAM.<\/p>\n<p><strong>Aceptaci\u00f3n y consentimiento<\/strong><\/p>\n<p>Declaras haber sido informado de las condiciones sobre protecci\u00f3n de datos de car\u00e1cter personal, aceptando y consintiendo el tratamiento de los mismos por parte de CONSTRUCCIONS MEC\u00c0NIQUES ESCAL\u00c9, SL en la forma y para las finalidades indicadas en esta pol\u00edtica de privacidad.<\/p>\n<p><strong>Modificaci\u00f3n en la pol\u00edtica de privacidad<\/strong><\/p>\n<p>En cualquier momento puedo modificar la presente pol\u00edtica para adaptarla a novedades legislativas o jurisprudenciales as\u00ed como a pr\u00e1cticas de la industria. En dichos supuestos, anunciar\u00e9 en esta p\u00e1gina los cambios introducidos con razonable antelaci\u00f3n a su puesta en pr\u00e1ctica.<\/p>\n<p><em>\u00daltima revisi\u00f3n el 20\/05\/2019<\/em><\/p>\n","protected":false},"excerpt":{"rendered":"<p>POL\u00cdTICA DE PRIVACIDAD Esta web cumple el Reglamento (UE) 2016\/679 del Parlamento Europeo y del Consejo, de 27 de abril de 2016, relativo a la protecci\u00f3n de las personas f\u00edsicas en lo que respecta al tratamiento de datos personales y a la libre circulaci\u00f3n de estos datos y por el que se deroga la Directiva [&hellip;]<\/p>\n","protected":false},"author":2,"featured_media":0,"parent":0,"menu_order":0,"comment_status":"closed","ping_status":"closed","template":"","meta":[],"_links":{"self":[{"href":"https:\/\/www.cmescale.com\/fr\/wp-json\/wp\/v2\/pages\/772"}],"collection":[{"href":"https:\/\/www.cmescale.com\/fr\/wp-json\/wp\/v2\/pages"}],"about":[{"href":"https:\/\/www.cmescale.com\/fr\/wp-json\/wp\/v2\/types\/page"}],"author":[{"embeddable":true,"href":"https:\/\/www.cmescale.com\/fr\/wp-json\/wp\/v2\/users\/2"}],"replies":[{"embeddable":true,"href":"https:\/\/www.cmescale.com\/fr\/wp-json\/wp\/v2\/comments?post=772"}],"version-history":[{"count":1,"href":"https:\/\/www.cmescale.com\/fr\/wp-json\/wp\/v2\/pages\/772\/revisions"}],"predecessor-version":[{"id":773,"href":"https:\/\/www.cmescale.com\/fr\/wp-json\/wp\/v2\/pages\/772\/revisions\/773"}],"wp:attachment":[{"href":"https:\/\/www.cmescale.com\/fr\/wp-json\/wp\/v2\/media?parent=772"}],"curies":[{"name":"wp","href":"https:\/\/api.w.org\/{rel}","templated":true}]}}